{"id":18,"date":"2026-04-26T09:31:37","date_gmt":"2026-04-26T07:31:37","guid":{"rendered":"http:\/\/frg.sk\/?page_id=18"},"modified":"2026-04-27T05:42:15","modified_gmt":"2026-04-27T03:42:15","slug":"uvodna-stranka","status":"publish","type":"page","link":"https:\/\/frg.sk\/","title":{"rendered":"\u00davodn\u00e1 str\u00e1nka"},"content":{"rendered":"\n<div class=\"wp-block-group alignfull is-style-default has-background has-global-padding is-layout-constrained wp-container-core-group-is-layout-b1de1833 wp-block-group-is-layout-constrained\" style=\"background-color:#cccccc;margin-top:0;margin-bottom:0;padding-top:var(--wp--preset--spacing--70);padding-right:0;padding-bottom:var(--wp--preset--spacing--70);padding-left:0\">\n<div class=\"wp-block-group has-global-padding is-layout-constrained wp-container-core-group-is-layout-346627ba wp-block-group-is-layout-constrained\">\n<h2 class=\"wp-block-heading has-text-align-center has-xx-large-font-size\" style=\"margin-right:0;margin-left:0;padding-right:0;padding-left:0\">Komplexn\u00e9 rie\u0161enia protipo\u017eiarnych skiel v stavebn\u00fdch kon\u0161trukci\u00e1ch.<\/h2>\n\n\n\n<div class=\"wp-block-buttons is-content-justification-center is-layout-flex wp-container-core-buttons-is-layout-a89b3969 wp-block-buttons-is-layout-flex\">\n<div class=\"wp-block-button\"><a class=\"wp-block-button__link wp-element-button\">Zistite viac<\/a><\/div>\n<\/div>\n<\/div>\n<\/div>\n\n\n\n<div class=\"wp-block-group alignfull has-global-padding is-layout-constrained wp-container-core-group-is-layout-ebee8dc1 wp-block-group-is-layout-constrained\" style=\"margin-top:0;margin-bottom:0;padding-top:var(--wp--preset--spacing--50);padding-bottom:var(--wp--preset--spacing--50)\">\n<h2 class=\"wp-block-heading alignwide\">Na\u0161e produkty a slu\u017eby<\/h2>\n\n\n\n<div class=\"wp-block-columns alignwide is-layout-flex wp-container-core-columns-is-layout-28f84493 wp-block-columns-is-layout-flex\">\n<div class=\"wp-block-column is-layout-flow wp-block-column-is-layout-flow\">\n<figure class=\"wp-block-image size-full\" style=\"margin-bottom:24px\"><img loading=\"lazy\" decoding=\"async\" width=\"800\" height=\"500\" src=\"http:\/\/frg.sk\/wp-content\/uploads\/2026\/04\/skuska.jpg\" alt=\"\" class=\"wp-image-179\" style=\"aspect-ratio:4\/3;object-fit:cover\" srcset=\"https:\/\/frg.sk\/wp-content\/uploads\/2026\/04\/skuska.jpg 800w, https:\/\/frg.sk\/wp-content\/uploads\/2026\/04\/skuska-300x188.jpg 300w, https:\/\/frg.sk\/wp-content\/uploads\/2026\/04\/skuska-768x480.jpg 768w\" sizes=\"auto, (max-width: 800px) 100vw, 800px\" \/><\/figure>\n\n\n\n<h3 class=\"wp-block-heading\">Sklo<\/h3>\n\n\n\n<p class=\"has-medium-font-size\">Text<\/p>\n<\/div>\n\n\n\n<div class=\"wp-block-column is-layout-flow wp-block-column-is-layout-flow\">\n<figure class=\"wp-block-image size-full\" style=\"margin-bottom:24px\"><img loading=\"lazy\" decoding=\"async\" width=\"400\" height=\"299\" src=\"http:\/\/frg.sk\/wp-content\/uploads\/2026\/04\/DSD6_0.jpg\" alt=\"\" class=\"wp-image-189\" style=\"aspect-ratio:4\/3;object-fit:cover\" srcset=\"https:\/\/frg.sk\/wp-content\/uploads\/2026\/04\/DSD6_0.jpg 400w, https:\/\/frg.sk\/wp-content\/uploads\/2026\/04\/DSD6_0-300x224.jpg 300w\" sizes=\"auto, (max-width: 400px) 100vw, 400px\" \/><\/figure>\n\n\n\n<h3 class=\"wp-block-heading\">V\u00fdroba<\/h3>\n\n\n\n<p class=\"has-medium-font-size\">Text<\/p>\n<\/div>\n\n\n\n<div class=\"wp-block-column is-layout-flow wp-block-column-is-layout-flow\">\n<figure class=\"wp-block-image size-full is-resized\" style=\"margin-bottom:24px\"><img loading=\"lazy\" decoding=\"async\" width=\"250\" height=\"341\" src=\"http:\/\/frg.sk\/wp-content\/uploads\/2026\/04\/HSH_0.jpg\" alt=\"\" class=\"wp-image-186\" style=\"aspect-ratio:1.3333333333333333;object-fit:cover;width:396px;height:auto\" srcset=\"https:\/\/frg.sk\/wp-content\/uploads\/2026\/04\/HSH_0.jpg 250w, https:\/\/frg.sk\/wp-content\/uploads\/2026\/04\/HSH_0-220x300.jpg 220w\" sizes=\"auto, (max-width: 250px) 100vw, 250px\" \/><\/figure>\n\n\n\n<h3 class=\"wp-block-heading\">Dvere<\/h3>\n\n\n\n<p class=\"has-medium-font-size\">Text<\/p>\n<\/div>\n<\/div>\n<\/div>\n\n\n\n<div class=\"wp-block-group alignfull has-global-padding is-layout-constrained wp-block-group-is-layout-constrained\" style=\"margin-top:0;margin-bottom:0;padding-top:var(--wp--preset--spacing--60);padding-bottom:var(--wp--preset--spacing--60)\">\n<div class=\"wp-block-columns alignwide is-layout-flex wp-container-core-columns-is-layout-74b2cda3 wp-block-columns-is-layout-flex\">\n<div class=\"wp-block-column is-layout-flow wp-block-column-is-layout-flow\">\n<div class=\"wp-block-group is-vertical is-content-justification-left is-layout-flex wp-container-core-group-is-layout-7ce391b6 wp-block-group-is-layout-flex\" style=\"min-height:100%\">\n<h2 class=\"wp-block-heading is-style-text-annotation has-x-small-font-size is-style-text-annotation--1\">\u010co sa \u013eudia hovoria<\/h2>\n\n\n\n<blockquote class=\"wp-block-quote is-style-plain has-x-large-font-size is-layout-flow wp-container-core-quote-is-layout-5dafc681 wp-block-quote-is-layout-flow is-style-plain--2\" style=\"font-style:normal;font-weight:400\">\n<div class=\"wp-block-group has-global-padding is-content-justification-left is-layout-constrained wp-container-core-group-is-layout-085bd3d9 wp-block-group-is-layout-constrained\" style=\"margin-top:0;margin-bottom:0;padding-top:0;padding-right:0;padding-bottom:0;padding-left:0\">\n<p class=\"has-xx-large-font-size\">\u201cSuper produkty a slu\u017eby!\u201d<\/p>\n<\/div>\n<cite><br><\/cite><\/blockquote>\n<\/div>\n<\/div>\n\n\n\n<div class=\"wp-block-column is-layout-flow wp-block-column-is-layout-flow\" style=\"padding-top:0;padding-right:0;padding-bottom:0;padding-left:0\">\n<figure class=\"wp-block-image size-large\"><img decoding=\"async\" src=\"http:\/\/frg.sk\/wp-content\/themes\/twentytwentyfive\/assets\/images\/typewriter.webp\" alt=\"Picture of a person typing on a typewriter.\" style=\"aspect-ratio:1;object-fit:cover\"\/><\/figure>\n<\/div>\n<\/div>\n<\/div>\n","protected":false},"excerpt":{"rendered":"<p>Komplexn\u00e9 rie\u0161enia protipo\u017eiarnych skiel v stavebn\u00fdch kon\u0161trukci\u00e1ch. Na\u0161e produkty a slu\u017eby Sklo Text V\u00fdroba Text Dvere Text \u010co sa \u013eudia hovoria \u201cSuper produkty a slu\u017eby!\u201d<\/p>\n","protected":false},"author":1,"featured_media":0,"parent":0,"menu_order":0,"comment_status":"closed","ping_status":"closed","template":"","meta":{"footnotes":""},"class_list":["post-18","page","type-page","status-publish","hentry"],"_links":{"self":[{"href":"https:\/\/frg.sk\/index.php?rest_route=\/wp\/v2\/pages\/18","targetHints":{"allow":["GET"]}}],"collection":[{"href":"https:\/\/frg.sk\/index.php?rest_route=\/wp\/v2\/pages"}],"about":[{"href":"https:\/\/frg.sk\/index.php?rest_route=\/wp\/v2\/types\/page"}],"author":[{"embeddable":true,"href":"https:\/\/frg.sk\/index.php?rest_route=\/wp\/v2\/users\/1"}],"replies":[{"embeddable":true,"href":"https:\/\/frg.sk\/index.php?rest_route=%2Fwp%2Fv2%2Fcomments&post=18"}],"version-history":[{"count":25,"href":"https:\/\/frg.sk\/index.php?rest_route=\/wp\/v2\/pages\/18\/revisions"}],"predecessor-version":[{"id":195,"href":"https:\/\/frg.sk\/index.php?rest_route=\/wp\/v2\/pages\/18\/revisions\/195"}],"wp:attachment":[{"href":"https:\/\/frg.sk\/index.php?rest_route=%2Fwp%2Fv2%2Fmedia&parent=18"}],"curies":[{"name":"wp","href":"https:\/\/api.w.org\/{rel}","templated":true}]}}